{"id":25472,"date":"2017-07-04T16:29:45","date_gmt":"2017-07-04T14:29:45","guid":{"rendered":"https:\/\/www.farawayfestival.eu\/accueil\/"},"modified":"2026-04-02T17:10:25","modified_gmt":"2026-04-02T15:10:25","slug":"accueil","status":"publish","type":"page","link":"https:\/\/www.farawayfestival.eu\/en\/","title":{"rendered":"Home"},"content":{"rendered":"","protected":false},"excerpt":{"rendered":"<p> [&#8230;]<\/p>\n<p><a class=\"btn btn-secondary understrap-read-more-link\" href=\"https:\/\/www.farawayfestival.eu\/en\/\">Read More&#8230;<span class=\"screen-reader-text\"> from Home<\/span><\/a><\/p>\n","protected":false},"author":64,"featured_media":0,"parent":0,"menu_order":98,"comment_status":"closed","ping_status":"closed","template":"page-templates\/home.php","meta":{"_acf_changed":false,"_exactmetrics_skip_tracking":false,"_exactmetrics_sitenote_active":false,"_exactmetrics_sitenote_note":"","_exactmetrics_sitenote_category":0,"footnotes":""},"class_list":["post-25472","page","type-page","status-publish","hentry"],"acf":[],"yoast_head":"<!-- This site is optimized with the Yoast SEO plugin v27.4 - https:\/\/yoast.com\/product\/yoast-seo-wordpress\/ -->\n<title>faraway \u2013 festival des arts \u00e0 reims<\/title>\n<meta name=\"description\" content=\"Description\" \/>\n<meta name=\"robots\" content=\"index, follow, max-snippet:-1, max-image-preview:large, max-video-preview:-1\" \/>\n<link rel=\"canonical\" href=\"https:\/\/www.farawayfestival.eu\/en\/\" \/>\n<meta property=\"og:locale\" content=\"en_US\" \/>\n<meta property=\"og:type\" content=\"article\" \/>\n<meta property=\"og:title\" content=\"faraway \u2013 festival des arts \u00e0 reims\" \/>\n<meta property=\"og:description\" content=\"maison de la culture de bourges programmation th\u00e9\u00e2tre, danse, musique, cin\u00e9ma\" \/>\n<meta property=\"og:url\" content=\"https:\/\/www.farawayfestival.eu\/en\/\" \/>\n<meta property=\"og:site_name\" content=\"faraway \u2013 festival des arts \u00e0 reims\" \/>\n<meta property=\"article:publisher\" content=\"https:\/\/www.facebook.com\/FarawayReims\" \/>\n<meta property=\"article:modified_time\" content=\"2026-04-02T15:10:25+00:00\" \/>\n<meta name=\"twitter:card\" content=\"summary_large_image\" \/>\n<script type=\"application\/ld+json\" class=\"yoast-schema-graph\">{\"@context\":\"https:\\\/\\\/schema.org\",\"@graph\":[{\"@type\":\"WebPage\",\"@id\":\"https:\\\/\\\/www.farawayfestival.eu\\\/en\\\/\",\"url\":\"https:\\\/\\\/www.farawayfestival.eu\\\/en\\\/\",\"name\":\"faraway \u2013 festival des arts \u00e0 reims\",\"isPartOf\":{\"@id\":\"https:\\\/\\\/www.farawayfestival.eu\\\/en\\\/#website\"},\"datePublished\":\"2017-07-04T14:29:45+00:00\",\"dateModified\":\"2026-04-02T15:10:25+00:00\",\"description\":\"Description\",\"breadcrumb\":{\"@id\":\"https:\\\/\\\/www.farawayfestival.eu\\\/en\\\/#breadcrumb\"},\"inLanguage\":\"en-US\",\"potentialAction\":[{\"@type\":\"ReadAction\",\"target\":[\"https:\\\/\\\/www.farawayfestival.eu\\\/en\\\/\"]}]},{\"@type\":\"BreadcrumbList\",\"@id\":\"https:\\\/\\\/www.farawayfestival.eu\\\/en\\\/#breadcrumb\",\"itemListElement\":[{\"@type\":\"ListItem\",\"position\":1,\"name\":\"Accueil\",\"item\":\"https:\\\/\\\/www.farawayfestival.eu\\\/en\\\/\"},{\"@type\":\"ListItem\",\"position\":2,\"name\":\"Home\"}]},{\"@type\":\"WebSite\",\"@id\":\"https:\\\/\\\/www.farawayfestival.eu\\\/en\\\/#website\",\"url\":\"https:\\\/\\\/www.farawayfestival.eu\\\/en\\\/\",\"name\":\"faraway \u2013 festival des arts \u00e0 reims\",\"description\":\"Plus international encore que Reims Sc\u00e8nes d\u2019Europe auquel il succ\u00e8de, le tout nouveau festival FAR away \u2013 Festival des Arts \u00e0 Reims s\u2019\u00e9tend au-del\u00e0 du continent pour mieux regarder notre monde, vers le Br\u00e9sil et l\u2019Afrique notamment pour cette premi\u00e8re \u00e9dition consacr\u00e9e aux \u00ab\u2009artistes agitateurs\u2009\u00bb.  Avec une programmation coll\u00e9giale partag\u00e9e entre sept structures culturelles r\u00e9moises, des formules tarifaires avantageuses et des  parcours organis\u00e9s pour assister \u00e0 plusieurs spectacles, pour d\u00e9couvrir plusieurs lieux, pour go\u00fbter \u00e0 de nouvelles disciplines artistiques, FAR away ne manquera pas de vous faire voyager, loin.\",\"publisher\":{\"@id\":\"https:\\\/\\\/www.farawayfestival.eu\\\/en\\\/#organization\"},\"potentialAction\":[{\"@type\":\"SearchAction\",\"target\":{\"@type\":\"EntryPoint\",\"urlTemplate\":\"https:\\\/\\\/www.farawayfestival.eu\\\/en\\\/?s={search_term_string}\"},\"query-input\":{\"@type\":\"PropertyValueSpecification\",\"valueRequired\":true,\"valueName\":\"search_term_string\"}}],\"inLanguage\":\"en-US\"},{\"@type\":\"Organization\",\"@id\":\"https:\\\/\\\/www.farawayfestival.eu\\\/en\\\/#organization\",\"name\":\"FARaway Festival des arts \u00e0 Reims\",\"url\":\"https:\\\/\\\/www.farawayfestival.eu\\\/en\\\/\",\"logo\":{\"@type\":\"ImageObject\",\"inLanguage\":\"en-US\",\"@id\":\"https:\\\/\\\/www.farawayfestival.eu\\\/en\\\/#\\\/schema\\\/logo\\\/image\\\/\",\"url\":\"https:\\\/\\\/www.farawayfestival.eu\\\/wp-content\\\/uploads\\\/2019\\\/10\\\/faraway-constellation-black.png\",\"contentUrl\":\"https:\\\/\\\/www.farawayfestival.eu\\\/wp-content\\\/uploads\\\/2019\\\/10\\\/faraway-constellation-black.png\",\"width\":2481,\"height\":3509,\"caption\":\"FARaway Festival des arts \u00e0 Reims\"},\"image\":{\"@id\":\"https:\\\/\\\/www.farawayfestival.eu\\\/en\\\/#\\\/schema\\\/logo\\\/image\\\/\"},\"sameAs\":[\"https:\\\/\\\/www.facebook.com\\\/FarawayReims\",\"https:\\\/\\\/www.instagram.com\\\/farawayfestivalreims\\\/\"]}]}<\/script>\n<!-- \/ Yoast SEO plugin. -->","yoast_head_json":{"title":"faraway \u2013 festival des arts \u00e0 reims","description":"Description","robots":{"index":"index","follow":"follow","max-snippet":"max-snippet:-1","max-image-preview":"max-image-preview:large","max-video-preview":"max-video-preview:-1"},"canonical":"https:\/\/www.farawayfestival.eu\/en\/","og_locale":"en_US","og_type":"article","og_title":"faraway \u2013 festival des arts \u00e0 reims","og_description":"maison de la culture de bourges programmation th\u00e9\u00e2tre, danse, musique, cin\u00e9ma","og_url":"https:\/\/www.farawayfestival.eu\/en\/","og_site_name":"faraway \u2013 festival des arts \u00e0 reims","article_publisher":"https:\/\/www.facebook.com\/FarawayReims","article_modified_time":"2026-04-02T15:10:25+00:00","twitter_card":"summary_large_image","schema":{"@context":"https:\/\/schema.org","@graph":[{"@type":"WebPage","@id":"https:\/\/www.farawayfestival.eu\/en\/","url":"https:\/\/www.farawayfestival.eu\/en\/","name":"faraway \u2013 festival des arts \u00e0 reims","isPartOf":{"@id":"https:\/\/www.farawayfestival.eu\/en\/#website"},"datePublished":"2017-07-04T14:29:45+00:00","dateModified":"2026-04-02T15:10:25+00:00","description":"Description","breadcrumb":{"@id":"https:\/\/www.farawayfestival.eu\/en\/#breadcrumb"},"inLanguage":"en-US","potentialAction":[{"@type":"ReadAction","target":["https:\/\/www.farawayfestival.eu\/en\/"]}]},{"@type":"BreadcrumbList","@id":"https:\/\/www.farawayfestival.eu\/en\/#breadcrumb","itemListElement":[{"@type":"ListItem","position":1,"name":"Accueil","item":"https:\/\/www.farawayfestival.eu\/en\/"},{"@type":"ListItem","position":2,"name":"Home"}]},{"@type":"WebSite","@id":"https:\/\/www.farawayfestival.eu\/en\/#website","url":"https:\/\/www.farawayfestival.eu\/en\/","name":"faraway \u2013 festival des arts \u00e0 reims","description":"Plus international encore que Reims Sc\u00e8nes d\u2019Europe auquel il succ\u00e8de, le tout nouveau festival FAR away \u2013 Festival des Arts \u00e0 Reims s\u2019\u00e9tend au-del\u00e0 du continent pour mieux regarder notre monde, vers le Br\u00e9sil et l\u2019Afrique notamment pour cette premi\u00e8re \u00e9dition consacr\u00e9e aux \u00ab\u2009artistes agitateurs\u2009\u00bb.  Avec une programmation coll\u00e9giale partag\u00e9e entre sept structures culturelles r\u00e9moises, des formules tarifaires avantageuses et des  parcours organis\u00e9s pour assister \u00e0 plusieurs spectacles, pour d\u00e9couvrir plusieurs lieux, pour go\u00fbter \u00e0 de nouvelles disciplines artistiques, FAR away ne manquera pas de vous faire voyager, loin.","publisher":{"@id":"https:\/\/www.farawayfestival.eu\/en\/#organization"},"potentialAction":[{"@type":"SearchAction","target":{"@type":"EntryPoint","urlTemplate":"https:\/\/www.farawayfestival.eu\/en\/?s={search_term_string}"},"query-input":{"@type":"PropertyValueSpecification","valueRequired":true,"valueName":"search_term_string"}}],"inLanguage":"en-US"},{"@type":"Organization","@id":"https:\/\/www.farawayfestival.eu\/en\/#organization","name":"FARaway Festival des arts \u00e0 Reims","url":"https:\/\/www.farawayfestival.eu\/en\/","logo":{"@type":"ImageObject","inLanguage":"en-US","@id":"https:\/\/www.farawayfestival.eu\/en\/#\/schema\/logo\/image\/","url":"https:\/\/www.farawayfestival.eu\/wp-content\/uploads\/2019\/10\/faraway-constellation-black.png","contentUrl":"https:\/\/www.farawayfestival.eu\/wp-content\/uploads\/2019\/10\/faraway-constellation-black.png","width":2481,"height":3509,"caption":"FARaway Festival des arts \u00e0 Reims"},"image":{"@id":"https:\/\/www.farawayfestival.eu\/en\/#\/schema\/logo\/image\/"},"sameAs":["https:\/\/www.facebook.com\/FarawayReims","https:\/\/www.instagram.com\/farawayfestivalreims\/"]}]}},"_links":{"self":[{"href":"https:\/\/www.farawayfestival.eu\/en\/wp-json\/wp\/v2\/pages\/25472","targetHints":{"allow":["GET"]}}],"collection":[{"href":"https:\/\/www.farawayfestival.eu\/en\/wp-json\/wp\/v2\/pages"}],"about":[{"href":"https:\/\/www.farawayfestival.eu\/en\/wp-json\/wp\/v2\/types\/page"}],"author":[{"embeddable":true,"href":"https:\/\/www.farawayfestival.eu\/en\/wp-json\/wp\/v2\/users\/64"}],"replies":[{"embeddable":true,"href":"https:\/\/www.farawayfestival.eu\/en\/wp-json\/wp\/v2\/comments?post=25472"}],"version-history":[{"count":5,"href":"https:\/\/www.farawayfestival.eu\/en\/wp-json\/wp\/v2\/pages\/25472\/revisions"}],"predecessor-version":[{"id":50699,"href":"https:\/\/www.farawayfestival.eu\/en\/wp-json\/wp\/v2\/pages\/25472\/revisions\/50699"}],"wp:attachment":[{"href":"https:\/\/www.farawayfestival.eu\/en\/wp-json\/wp\/v2\/media?parent=25472"}],"curies":[{"name":"wp","href":"https:\/\/api.w.org\/{rel}","templated":true}]}}